{"id":70,"date":"2022-07-27T02:56:06","date_gmt":"2022-07-27T02:56:06","guid":{"rendered":"https:\/\/invmoch.com\/cic\/dental\/?page_id=70"},"modified":"2024-02-28T17:58:37","modified_gmt":"2024-02-28T17:58:37","slug":"tecnologia-cic-dental","status":"publish","type":"page","link":"https:\/\/cicdentalgrupo.com\/dental\/tecnologia-cic-dental\/","title":{"rendered":"Tecnolog\u00eda CIC Dental"},"content":{"rendered":"\n\n\n\n<p>Tecnolog\u00eda CIC Dental<\/p>\n\n\nLa tecnolog\u00eda odontol\u00f3gica, es la implementaci\u00f3n del conocimiento y evidencia cient\u00edfica en aplicaciones dentales, con el objetivo de constantemente actualizar, innovar, mejorar, optimizar y tecnificar la pr\u00e1ctica profesional en la odontolog\u00eda.\n\n\n\n<p>Lorem Ipsum has been the industry&#8217;s standard dummy text ever since the 1500s.<\/p>\n\n\n\n\n<p>Lorem Ipsum has been the industry&#8217;s standard dummy text ever since the 1500s.<\/p>\n\nAPLICACI\u00d3N ELECTR\u00d3NICA CONTROLADA DE ANESTESIA\n\n\nAdministraci\u00f3n inteligente y controlada por computadora de la anestesia local en boca.\n\n\n\n<p>Lorem Ipsum has been the industry&#8217;s standard dummy text ever since the 1500s.<\/p>\n\nEQUIPO PIEZOEL\u00c9CTRICO PARA CIRUG\u00cdA DENTAL\n\n\nSistema para trabajo en piezas dentales, corte en hueso y eliminaci\u00f3n de calcificaciones por medio de micro vibraciones ultras\u00f3nicas, minimizando pr\u00e1cticas invasivas de la instrumentaci\u00f3n tradicional y conservaci\u00f3n intacta en los tejidos blandos.\n\n\n\n<p>Lorem Ipsum has been the industry&#8217;s standard dummy text ever since the 1500s.<\/p>\n\nESC\u00c1NER INTRAORAL 3D\n\n\nVisi\u00f3n digital 360\u00b0 de la cavidad oral por medio de computadora.\n\n\n\n<p>Lorem Ipsum has been the industry&#8217;s standard dummy text ever since the 1500s.<\/p>\n\nEXPEDIENTE DIGITAL DEL PACIENTE\n\n\nRegistro, historial y seguimiento digital de tratamiento e informaci\u00f3n del paciente en nuestra app de uso exclusivo.\n\n\n\n\n\n<p>Lorem Ipsum has been the industry&#8217;s standard dummy text ever since the 1500s.<\/p>\n\nIMPRESI\u00d3N 3D USO DENTAL\n\n\nProceso tecnol\u00f3gico que en conjunto con el esc\u00e1ner intraoral, utiliza una impresora y materiales especiales para odontolog\u00eda, en la creaci\u00f3n de modelos dentales f\u00edsicos a partir de un dise\u00f1o elaborado por computadora.\n\n\n\n<p>Lorem Ipsum has been the industry&#8217;s standard dummy text ever since the 1500s.<\/p>\n\nMEDICI\u00d3N COMPUTARIZADA ESTABILIDAD IMPLANTES DENTALES\n\n\nSistema para medir fijaci\u00f3n del implante al hueso (osteointegraci\u00f3n) bajo criterios de movilidad, dolor, entre otros.\n\n\n\n<p>Lorem Ipsum has been the industry&#8217;s standard dummy text ever since the 1500s.<\/p>\n\nMICROSCOPIO USO ORAL\n\n\nAmplificaci\u00f3n visual en detalles peque\u00f1os dentro de la boca y piezas dentales, reduciendo estr\u00e9s en el paciente.\n\n\n\n<p>Lorem Ipsum has been the industry&#8217;s standard dummy text ever since the 1500s.<\/p>\n\nRADIOGRAF\u00cdA PANOR\u00c1MICA\n\n\nEs un examen dental bidimensional (2-D) con im\u00e1genes de la boca entera en una sola toma, permitiendo diagn\u00f3sticos m\u00e1s acertados en beneficio del paciente.\n\n\n\n\n\n<p>Lorem Ipsum has been the industry&#8217;s standard dummy text ever since the 1500s.<\/p>\n\nRADIOLOG\u00cdA DENTAL DIGITAL\n\n\nCaptura de im\u00e1genes uso oral con una reducci\u00f3n exponencial del paciente a la radiaci\u00f3n.\n\n\n\n<p>Lorem Ipsum has been the industry&#8217;s standard dummy text ever since the 1500s.<\/p>\n\nSOFTWARE PLANEACI\u00d3N QUIR\u00daRGICA Y DISE\u00d1O EST\u00c9TICO\n\n\nHerramienta por computadora que agiliza procesos en la elaboraci\u00f3n de tratamientos dentales.\n\n\n\n<p>Lorem Ipsum has been the industry&#8217;s standard dummy text ever since the 1500s.<\/p>\n\nTOMOGRAF\u00cdA DENTAL DIGITAL 3D\n\n\nEn CIC Dental contamos con nuestro propio tom\u00f3grafo 3D para la digitalizaci\u00f3n de im\u00e1genes tridimensionales que se toman de los maxilares del paciente.\n\n\n\n\n\n\n<h3>RADIOGRAF\u00cdA PANOR\u00c1MICA<\/h3>\n\n\n<p>La radiograf\u00eda panor\u00e1mica, conocida tambi\u00e9n como rayos X panor\u00e1micos, es un examen dental bidimensional (2-D) que utiliza una muy peque\u00f1a dosis de radiaci\u00f3n ionizante para capturar im\u00e1genes de la boca entera en una sola toma. <\/p>\n<p><\/br><\/p>\n<p>\nLa estructura \u00f3sea natural de las mand\u00edbulas superior e inferior es curva, Sin embargo, los rayos X panor\u00e1micos\nproducen una imagen plana que proporciona detalles de los huesos, dientes, estructuras y tejidos circundantes.<\/br>\nA diferencia de los rayos X intraorales tradicionales, donde la placa radiogr\u00e1fica\/detector de rayos X se coloca dentro de\nla boca, la placa para un rayo X panor\u00e1mico est\u00e1 incorporada dentro de la m\u00e1quina.<\/p>\n\n\n\n\n<h3>TOMOGRAF\u00cdA 3D<\/h3>\n\n\n<p>En CIC Dental contamos con nuestro propio tom\u00f3grafo 3D para la digitalizaci\u00f3n de im\u00e1genes tridimensionales que se toman de los maxilares del paciente. De esta forma se facilita el diagn\u00f3stico en tratamientos como implantes dentales, cirug\u00eda oral y endodoncia, que adem\u00e1s es mucho m\u00e1s preciso que con otras t\u00e9cnicas m\u00e1s tradicionales.<\/p>\n\n\n\n","protected":false},"excerpt":{"rendered":"","protected":false},"author":1,"featured_media":0,"parent":0,"menu_order":0,"comment_status":"closed","ping_status":"closed","template":"","meta":{"nf_dc_page":"","pagelayer_contact_templates":[],"_pagelayer_content":"","footnotes":""},"class_list":["post-70","page","type-page","status-publish","hentry"],"_links":{"self":[{"href":"https:\/\/cicdentalgrupo.com\/dental\/wp-json\/wp\/v2\/pages\/70","targetHints":{"allow":["GET"]}}],"collection":[{"href":"https:\/\/cicdentalgrupo.com\/dental\/wp-json\/wp\/v2\/pages"}],"about":[{"href":"https:\/\/cicdentalgrupo.com\/dental\/wp-json\/wp\/v2\/types\/page"}],"author":[{"embeddable":true,"href":"https:\/\/cicdentalgrupo.com\/dental\/wp-json\/wp\/v2\/users\/1"}],"replies":[{"embeddable":true,"href":"https:\/\/cicdentalgrupo.com\/dental\/wp-json\/wp\/v2\/comments?post=70"}],"version-history":[{"count":5,"href":"https:\/\/cicdentalgrupo.com\/dental\/wp-json\/wp\/v2\/pages\/70\/revisions"}],"predecessor-version":[{"id":439,"href":"https:\/\/cicdentalgrupo.com\/dental\/wp-json\/wp\/v2\/pages\/70\/revisions\/439"}],"wp:attachment":[{"href":"https:\/\/cicdentalgrupo.com\/dental\/wp-json\/wp\/v2\/media?parent=70"}],"curies":[{"name":"wp","href":"https:\/\/api.w.org\/{rel}","templated":true}]}}