{"id":37,"date":"2022-07-27T01:56:28","date_gmt":"2022-07-27T01:56:28","guid":{"rendered":"https:\/\/invmoch.com\/cic\/dental\/home\/"},"modified":"2024-08-20T20:15:31","modified_gmt":"2024-08-20T20:15:31","slug":"home","status":"publish","type":"page","link":"https:\/\/cicdentalgrupo.com\/dental\/","title":{"rendered":"Inicio"},"content":{"rendered":"\n\n\n\n\n\n\n\n\n<p>CAMPA\u00d1AS<\/p>\n\n\n\nLa Responsabilidad Social Empresarial de CIC Dental, est\u00e1 encaminada a una actitud y conocimiento de mantener el equilibrio entre el desarrollo de la sociedad, un entorno sustentable, y la viabilidad comercial y econ\u00f3mica como empresa.<br><br><br>\n\n\n\n\n\n\n\n<p>Certificaciones<\/p>\n\n\n\n\n\n\n\n\n\n\n\n\n\n\n\n<h2>Conoce a nuestros profesionales<\/h2>\n\n\n\n\n\nImplant\u00f3logo <\/br>\nGerente General Grupo CIC Dental\n\n\n\n\n\nEndodoncista\n\n\n\n\n\nPeriodoncista\n\n\n\n\n\nCirujano dentista\n\n\n\n\n\nCirujano Maxilofacial\n\n\n\n\n\n\n\n<h2>GALER\u00cdA<\/h2>\n\n\n\n\n\n\n\n\n\n\n\n\n\n\n\n<p>Tecnolog\u00eda CIC Dental<\/p>\n\n\n\nLa tecnolog\u00eda odontol\u00f3gica, es la implementaci\u00f3n del conocimiento y evidencia cient\u00edfica en aplicaciones dentales, con el objetivo de constantemente actualizar, innovar, mejorar, optimizar y tecnificar la pr\u00e1ctica profesional en la odontolog\u00eda.\n\n\n\n\n\n\n\n\n\n\n\n\n\n\n\n<h3>HAZ TU CITA!<\/h3>\n\n\n\n\n<div class=\"wpcf7 no-js\" id=\"wpcf7-f270-o1\" lang=\"es-ES\" dir=\"ltr\" data-wpcf7-id=\"270\">\n<div class=\"screen-reader-response\"><p role=\"status\" aria-live=\"polite\" aria-atomic=\"true\"><\/p> <ul><\/ul><\/div>\n<form action=\"\/dental\/wp-json\/wp\/v2\/pages\/37#wpcf7-f270-o1\" method=\"post\" class=\"wpcf7-form init\" aria-label=\"Formulario de contacto\" novalidate=\"novalidate\" data-status=\"init\">\n<fieldset class=\"hidden-fields-container\"><input type=\"hidden\" name=\"_wpcf7\" value=\"270\" \/><input type=\"hidden\" name=\"_wpcf7_version\" value=\"6.1.5\" \/><input type=\"hidden\" name=\"_wpcf7_locale\" value=\"es_ES\" \/><input type=\"hidden\" name=\"_wpcf7_unit_tag\" value=\"wpcf7-f270-o1\" \/><input type=\"hidden\" name=\"_wpcf7_container_post\" value=\"0\" \/><input type=\"hidden\" name=\"_wpcf7_posted_data_hash\" value=\"\" \/>\n<\/fieldset>\n<div id=\"Formulario\">\n\t<div class=\"thirdColumn\">\n\t\t<p><label> Tu nombre<br \/>\n<span class=\"wpcf7-form-control-wrap\" data-name=\"your-name\"><input size=\"40\" maxlength=\"400\" class=\"wpcf7-form-control wpcf7-text wpcf7-validates-as-required\" autocomplete=\"name\" aria-required=\"true\" aria-invalid=\"false\" value=\"\" type=\"text\" name=\"your-name\" \/><\/span> <\/label>\n\t\t<\/p>\n\t\t<p><label> Tu correo electr\u00f3nico<br \/>\n<span class=\"wpcf7-form-control-wrap\" data-name=\"your-email\"><input size=\"40\" maxlength=\"400\" class=\"wpcf7-form-control wpcf7-email wpcf7-validates-as-required wpcf7-text wpcf7-validates-as-email\" autocomplete=\"email\" aria-required=\"true\" aria-invalid=\"false\" value=\"\" type=\"email\" name=\"your-email\" \/><\/span> <\/label>\n\t\t<\/p>\n\t\t<p><label> Tu tel\u00e9fono<br \/>\n<span class=\"wpcf7-form-control-wrap\" data-name=\"tel-797\"><input size=\"40\" maxlength=\"400\" class=\"wpcf7-form-control wpcf7-tel wpcf7-validates-as-required wpcf7-text wpcf7-validates-as-tel\" aria-required=\"true\" aria-invalid=\"false\" value=\"\" type=\"tel\" name=\"tel-797\" \/><\/span> <\/label>\n\t\t<\/p>\n\t<\/div>\n\t<div class=\"thirdColumn\">\n\t\t<p><label> Tipo de cita<br \/>\n<span class=\"wpcf7-form-control-wrap\" data-name=\"menu-634\"><select class=\"wpcf7-form-control wpcf7-select\" aria-invalid=\"false\" name=\"menu-634\"><option value=\"Revisi\u00f3n\">Revisi\u00f3n<\/option><option value=\"Procedimiento\">Procedimiento<\/option><option value=\"Mantenimiento\">Mantenimiento<\/option><option value=\"Emergencia\">Emergencia<\/option><\/select><\/span><\/label>\n\t\t<\/p>\n\t\t<p><label> Cl\u00ednica<br \/>\n<span class=\"wpcf7-form-control-wrap\" data-name=\"menu-789\"><select class=\"wpcf7-form-control wpcf7-select\" aria-invalid=\"false\" name=\"menu-789\"><option value=\"San Pedro Sula\">San Pedro Sula<\/option><option value=\"Tegucigalpa\">Tegucigalpa<\/option><\/select><\/span><\/label>\n\t\t<\/p>\n\t<\/div>\n\t<div class=\"thirdColumn\">\n\t\t<p><label> Tu mensaje (opcional)<br \/>\n<span class=\"wpcf7-form-control-wrap\" data-name=\"your-message\"><textarea cols=\"10\" rows=\"6\" maxlength=\"2000\" class=\"wpcf7-form-control wpcf7-textarea\" aria-invalid=\"false\" name=\"your-message\"><\/textarea><\/span> <\/label>\n\t\t<\/p>\n\t\t<p><input class=\"wpcf7-form-control wpcf7-submit has-spinner\" type=\"submit\" value=\"Enviar\" \/>\n\t\t<\/p>\n\t<\/div>\n<\/div><div class=\"wpcf7-response-output\" aria-hidden=\"true\"><\/div>\n<\/form>\n<\/div>\n\n\n\n","protected":false},"excerpt":{"rendered":"","protected":false},"author":1,"featured_media":0,"parent":0,"menu_order":0,"comment_status":"closed","ping_status":"closed","template":"","meta":{"nf_dc_page":"","pagelayer_contact_templates":[],"_pagelayer_content":"","footnotes":""},"class_list":["post-37","page","type-page","status-publish","hentry"],"_links":{"self":[{"href":"https:\/\/cicdentalgrupo.com\/dental\/wp-json\/wp\/v2\/pages\/37","targetHints":{"allow":["GET"]}}],"collection":[{"href":"https:\/\/cicdentalgrupo.com\/dental\/wp-json\/wp\/v2\/pages"}],"about":[{"href":"https:\/\/cicdentalgrupo.com\/dental\/wp-json\/wp\/v2\/types\/page"}],"author":[{"embeddable":true,"href":"https:\/\/cicdentalgrupo.com\/dental\/wp-json\/wp\/v2\/users\/1"}],"replies":[{"embeddable":true,"href":"https:\/\/cicdentalgrupo.com\/dental\/wp-json\/wp\/v2\/comments?post=37"}],"version-history":[{"count":5,"href":"https:\/\/cicdentalgrupo.com\/dental\/wp-json\/wp\/v2\/pages\/37\/revisions"}],"predecessor-version":[{"id":450,"href":"https:\/\/cicdentalgrupo.com\/dental\/wp-json\/wp\/v2\/pages\/37\/revisions\/450"}],"wp:attachment":[{"href":"https:\/\/cicdentalgrupo.com\/dental\/wp-json\/wp\/v2\/media?parent=37"}],"curies":[{"name":"wp","href":"https:\/\/api.w.org\/{rel}","templated":true}]}}