{"id":251,"date":"2023-05-11T00:36:28","date_gmt":"2023-05-11T00:36:28","guid":{"rendered":"https:\/\/invmoch.com\/cic\/dental\/?page_id=251"},"modified":"2023-05-11T01:31:40","modified_gmt":"2023-05-11T01:31:40","slug":"odontologia-estetica","status":"publish","type":"page","link":"https:\/\/cicdentalgrupo.com\/dental\/services\/odontologia-estetica\/","title":{"rendered":"Odontolog\u00eda est\u00e9tica"},"content":{"rendered":"\n\n\n<h2>ODONTOLOG\u00cdA EST\u00c9TICA<\/h2>\n<p>La odontolog\u00eda est\u00e9tica o cosm\u00e9tica dental sigue patrones de simetr\u00eda y armon\u00eda entre dientes, enc\u00edas, labios, etc.\nActualmente los avances tecnol\u00f3gicos en materiales y t\u00e9cnicas dentales, nos permiten ofrecer a nuestros pacientes\nexcelentes opciones de tratamientos. Estos dan como resultado una sonrisa natural y restauraciones imperceptibles, as\u00ed\ncomo mejoras en la apariencia de sus dientes y sonrisa en general.<br><\/p>\n\n\n\n\n\n<h3>Blanqueamiento dental<br><\/h3>\n<p>Tratamiento de odontolog\u00eda est\u00e9tica que tiene como objetivo por medio de agentes blanqueadores bajo supervisi\u00f3n\nprofesional, eliminar manchas dentales y hacer que la dentici\u00f3n adquiera una tonalidad m\u00e1s blanca y brillante.<br><\/p>\n\n\n\n<h3>Carillas de cer\u00e1mica<br><\/h3>\n<p>En odontolog\u00eda, carilla es una fina capa cer\u00e1mica de alta resistencia que sustituye convincentemente el esmalte natural\ndel diente, ya sea para corregir defectos, manchas o piezas con una ligera mala posici\u00f3n. Al unirse a sus dientes, las carillas\ncrean una nueva y bella superficie de aspecto natural.<br><\/p>\n\n\n\n\n\n\n\n\n\n\n\n<h3>Coronas libres de metal<br><\/h3>\n<p>Las coronas libres de metal son tan resistentes como sus antecesoras met\u00e1licas, pero con la ventaja de que son mucho\nm\u00e1s est\u00e9ticas. Las bondades de la tecnolog\u00eda han hecho que este nuevo tipo de material cuente con la misma durabilidad,\nno cambie de color y se integre perfectamente a las enc\u00edas y los dientes naturales.<br><\/p>\n\n\n\n<h3>Obturaciones (Rellenos) con resina<br><\/h3>\n<p>Las obturaciones del color de los dientes, tambi\u00e9n llamados rellenos, se utilizan para peque\u00f1as cavidades o \u00e1reas de caries.\nEst\u00e1n hechos de relleno de vidrio o cuarzo en un medio de resina que estar\u00e1 adherido a su diente resistiendo una presi\u00f3n\nde masticaci\u00f3n moderada y no cambia de tama\u00f1o o forma en presencia de diferentes temperaturas, proporcionando\nprocedimientos m\u00e1s seguros, dientes reci\u00e9n restaurados m\u00e1s fuertes, resistentes a las fracturas, est\u00e9ticamente m\u00e1s\nagradables y preservando m\u00e1s eficazmente la estructura natural restante de sus dientes.<br><\/p>\n\n\n\n<h3>Incrustaciones de cer\u00e1mica<br><\/h3>\n<p>Una incrustaci\u00f3n dental es una restauraci\u00f3n parcial que se emplea para rehabilitar piezas posteriores que han sufrido una\np\u00e9rdida moderada de su estructura dentaria. Se trata de una restauraci\u00f3n en bloque realizada a medida de la pieza dental\nsobre la cual se colocar\u00e1 cementada.<br><\/p>\n\n\n\n\n<h3>HAZ TU CITA!<\/h3>\n\n<div class=\"wpcf7 no-js\" id=\"wpcf7-f270-o1\" lang=\"es-ES\" dir=\"ltr\" data-wpcf7-id=\"270\">\n<div class=\"screen-reader-response\"><p role=\"status\" aria-live=\"polite\" aria-atomic=\"true\"><\/p> <ul><\/ul><\/div>\n<form action=\"\/dental\/wp-json\/wp\/v2\/pages\/251#wpcf7-f270-o1\" method=\"post\" class=\"wpcf7-form init\" aria-label=\"Formulario de contacto\" novalidate=\"novalidate\" data-status=\"init\">\n<fieldset class=\"hidden-fields-container\"><input type=\"hidden\" name=\"_wpcf7\" value=\"270\" \/><input type=\"hidden\" name=\"_wpcf7_version\" value=\"6.1.5\" \/><input type=\"hidden\" name=\"_wpcf7_locale\" value=\"es_ES\" \/><input type=\"hidden\" name=\"_wpcf7_unit_tag\" value=\"wpcf7-f270-o1\" \/><input type=\"hidden\" name=\"_wpcf7_container_post\" value=\"0\" \/><input type=\"hidden\" name=\"_wpcf7_posted_data_hash\" value=\"\" \/>\n<\/fieldset>\n<div id=\"Formulario\">\n\t<div class=\"thirdColumn\">\n\t\t<p><label> Tu nombre<br \/>\n<span class=\"wpcf7-form-control-wrap\" data-name=\"your-name\"><input size=\"40\" maxlength=\"400\" class=\"wpcf7-form-control wpcf7-text wpcf7-validates-as-required\" autocomplete=\"name\" aria-required=\"true\" aria-invalid=\"false\" value=\"\" type=\"text\" name=\"your-name\" \/><\/span> <\/label>\n\t\t<\/p>\n\t\t<p><label> Tu correo electr\u00f3nico<br \/>\n<span class=\"wpcf7-form-control-wrap\" data-name=\"your-email\"><input size=\"40\" maxlength=\"400\" class=\"wpcf7-form-control wpcf7-email wpcf7-validates-as-required wpcf7-text wpcf7-validates-as-email\" autocomplete=\"email\" aria-required=\"true\" aria-invalid=\"false\" value=\"\" type=\"email\" name=\"your-email\" \/><\/span> <\/label>\n\t\t<\/p>\n\t\t<p><label> Tu tel\u00e9fono<br \/>\n<span class=\"wpcf7-form-control-wrap\" data-name=\"tel-797\"><input size=\"40\" maxlength=\"400\" class=\"wpcf7-form-control wpcf7-tel wpcf7-validates-as-required wpcf7-text wpcf7-validates-as-tel\" aria-required=\"true\" aria-invalid=\"false\" value=\"\" type=\"tel\" name=\"tel-797\" \/><\/span> <\/label>\n\t\t<\/p>\n\t<\/div>\n\t<div class=\"thirdColumn\">\n\t\t<p><label> Tipo de cita<br \/>\n<span class=\"wpcf7-form-control-wrap\" data-name=\"menu-634\"><select class=\"wpcf7-form-control wpcf7-select\" aria-invalid=\"false\" name=\"menu-634\"><option value=\"Revisi\u00f3n\">Revisi\u00f3n<\/option><option value=\"Procedimiento\">Procedimiento<\/option><option value=\"Mantenimiento\">Mantenimiento<\/option><option value=\"Emergencia\">Emergencia<\/option><\/select><\/span><\/label>\n\t\t<\/p>\n\t\t<p><label> Cl\u00ednica<br \/>\n<span class=\"wpcf7-form-control-wrap\" data-name=\"menu-789\"><select class=\"wpcf7-form-control wpcf7-select\" aria-invalid=\"false\" name=\"menu-789\"><option value=\"San Pedro Sula\">San Pedro Sula<\/option><option value=\"Tegucigalpa\">Tegucigalpa<\/option><\/select><\/span><\/label>\n\t\t<\/p>\n\t<\/div>\n\t<div class=\"thirdColumn\">\n\t\t<p><label> Tu mensaje (opcional)<br \/>\n<span class=\"wpcf7-form-control-wrap\" data-name=\"your-message\"><textarea cols=\"10\" rows=\"6\" maxlength=\"2000\" class=\"wpcf7-form-control wpcf7-textarea\" aria-invalid=\"false\" name=\"your-message\"><\/textarea><\/span> <\/label>\n\t\t<\/p>\n\t\t<p><input class=\"wpcf7-form-control wpcf7-submit has-spinner\" type=\"submit\" value=\"Enviar\" \/>\n\t\t<\/p>\n\t<\/div>\n<\/div><div class=\"wpcf7-response-output\" aria-hidden=\"true\"><\/div>\n<\/form>\n<\/div>\n\n\n\n","protected":false},"excerpt":{"rendered":"","protected":false},"author":1,"featured_media":0,"parent":39,"menu_order":0,"comment_status":"closed","ping_status":"closed","template":"","meta":{"nf_dc_page":"","pagelayer_contact_templates":[],"_pagelayer_content":"","footnotes":""},"class_list":["post-251","page","type-page","status-publish","hentry"],"_links":{"self":[{"href":"https:\/\/cicdentalgrupo.com\/dental\/wp-json\/wp\/v2\/pages\/251","targetHints":{"allow":["GET"]}}],"collection":[{"href":"https:\/\/cicdentalgrupo.com\/dental\/wp-json\/wp\/v2\/pages"}],"about":[{"href":"https:\/\/cicdentalgrupo.com\/dental\/wp-json\/wp\/v2\/types\/page"}],"author":[{"embeddable":true,"href":"https:\/\/cicdentalgrupo.com\/dental\/wp-json\/wp\/v2\/users\/1"}],"replies":[{"embeddable":true,"href":"https:\/\/cicdentalgrupo.com\/dental\/wp-json\/wp\/v2\/comments?post=251"}],"version-history":[{"count":12,"href":"https:\/\/cicdentalgrupo.com\/dental\/wp-json\/wp\/v2\/pages\/251\/revisions"}],"predecessor-version":[{"id":308,"href":"https:\/\/cicdentalgrupo.com\/dental\/wp-json\/wp\/v2\/pages\/251\/revisions\/308"}],"up":[{"embeddable":true,"href":"https:\/\/cicdentalgrupo.com\/dental\/wp-json\/wp\/v2\/pages\/39"}],"wp:attachment":[{"href":"https:\/\/cicdentalgrupo.com\/dental\/wp-json\/wp\/v2\/media?parent=251"}],"curies":[{"name":"wp","href":"https:\/\/api.w.org\/{rel}","templated":true}]}}