{"id":248,"date":"2023-05-11T00:35:30","date_gmt":"2023-05-11T00:35:30","guid":{"rendered":"https:\/\/invmoch.com\/cic\/dental\/?page_id=248"},"modified":"2023-05-11T01:16:12","modified_gmt":"2023-05-11T01:16:12","slug":"implantes","status":"publish","type":"page","link":"https:\/\/cicdentalgrupo.com\/dental\/services\/implantes\/","title":{"rendered":"Implantes"},"content":{"rendered":"\n\n\n<h2>IMPLANTES DENTALES<\/h2>\n\n\n\n\n<h4>\u00bfQu\u00e9 es un implante dental?<\/h4>\n<p>Los implantes dentales son piezas met\u00e1licas generalmente de titanio en forma de tornillo que sirve de pilar sustituyendo la funci\u00f3n natural de la ra\u00edz.<\/p>\n\n<h4>\u00bfC\u00f3mo trabajan los implantes dentales?<br><\/h4>\n<p>Los implantes dentales se colocan quir\u00fargicamente y se fusionan con el hueso maxilar debajo de las enc\u00edas,\nproporcionando un soporte estable para los dientes artificiales. Posteriormente transcurridos un m\u00ednimo de tres meses,\nse pueden utilizar para sostener sobre ellos las coronas, pr\u00f3tesis o puentes fijos que sustituir\u00e1n en aspecto y funcionalidad\na una o varias piezas dentarias perdidas. Tambi\u00e9n se pueden utilizar con broches para retener pr\u00f3tesis removibles parciales o totales.<\/p><p><\/br><\/p><p>\nLos implantes dentales no se deslizan ni se corren en la boca, lo cual es una ventaja especialmente importante para la\nmasticaci\u00f3n y el habla.<br><\/p>\n\n<h4>\u00bfQu\u00e9 hacer cuando el hueso de los maxilares es insuficiente?<br><\/h4>\n<p>En algunos casos al perder piezas dentales tambi\u00e9n ocurre perdida de hueso maxilar, que dificulta la colocaci\u00f3n del\nimplante. Muchas veces es posible realizar injertos \u00f3seos para mejorar las condiciones del hueso maxilar donde deseamos\ncolocar el implante.<\/p>\n\n\n\n<h4>\u00bfTodos los implantes son iguales?<br><\/h4>\n<p>No. En el mercado de implantes dentales hay diferentes calidades, medidas, dise\u00f1os e indicaciones para cada caso y paciente en particular, siendo de vital importancia informarse y consultar se cumplan los mejores est\u00e1ndares de calidad.<br><\/p>\n\n\n\n\n\n<h4>\u00bfSoy candidato para recibir tratamiento con implantes dentales?<br><\/h4>\n<p>Como primer paso, el especialista en implantes dentales realizar\u00e1 una evaluaci\u00f3n previa para determinar si el paciente\ncumple con las condiciones fisiol\u00f3gicas para ser candidato a corregir sus necesidades dentales por medio de este u otro\ntratamiento dental.<br><\/p>\n\n\n\n\n<h3>HAZ TU CITA!<\/h3>\n\n<div class=\"wpcf7 no-js\" id=\"wpcf7-f270-o1\" lang=\"es-ES\" dir=\"ltr\" data-wpcf7-id=\"270\">\n<div class=\"screen-reader-response\"><p role=\"status\" aria-live=\"polite\" aria-atomic=\"true\"><\/p> <ul><\/ul><\/div>\n<form action=\"\/dental\/wp-json\/wp\/v2\/pages\/248#wpcf7-f270-o1\" method=\"post\" class=\"wpcf7-form init\" aria-label=\"Formulario de contacto\" novalidate=\"novalidate\" data-status=\"init\">\n<fieldset class=\"hidden-fields-container\"><input type=\"hidden\" name=\"_wpcf7\" value=\"270\" \/><input type=\"hidden\" name=\"_wpcf7_version\" value=\"6.1.5\" \/><input type=\"hidden\" name=\"_wpcf7_locale\" value=\"es_ES\" \/><input type=\"hidden\" name=\"_wpcf7_unit_tag\" value=\"wpcf7-f270-o1\" \/><input type=\"hidden\" name=\"_wpcf7_container_post\" value=\"0\" \/><input type=\"hidden\" name=\"_wpcf7_posted_data_hash\" value=\"\" \/>\n<\/fieldset>\n<div id=\"Formulario\">\n\t<div class=\"thirdColumn\">\n\t\t<p><label> Tu nombre<br \/>\n<span class=\"wpcf7-form-control-wrap\" data-name=\"your-name\"><input size=\"40\" maxlength=\"400\" class=\"wpcf7-form-control wpcf7-text wpcf7-validates-as-required\" autocomplete=\"name\" aria-required=\"true\" aria-invalid=\"false\" value=\"\" type=\"text\" name=\"your-name\" \/><\/span> <\/label>\n\t\t<\/p>\n\t\t<p><label> Tu correo electr\u00f3nico<br \/>\n<span class=\"wpcf7-form-control-wrap\" data-name=\"your-email\"><input size=\"40\" maxlength=\"400\" class=\"wpcf7-form-control wpcf7-email wpcf7-validates-as-required wpcf7-text wpcf7-validates-as-email\" autocomplete=\"email\" aria-required=\"true\" aria-invalid=\"false\" value=\"\" type=\"email\" name=\"your-email\" \/><\/span> <\/label>\n\t\t<\/p>\n\t\t<p><label> Tu tel\u00e9fono<br \/>\n<span class=\"wpcf7-form-control-wrap\" data-name=\"tel-797\"><input size=\"40\" maxlength=\"400\" class=\"wpcf7-form-control wpcf7-tel wpcf7-validates-as-required wpcf7-text wpcf7-validates-as-tel\" aria-required=\"true\" aria-invalid=\"false\" value=\"\" type=\"tel\" name=\"tel-797\" \/><\/span> <\/label>\n\t\t<\/p>\n\t<\/div>\n\t<div class=\"thirdColumn\">\n\t\t<p><label> Tipo de cita<br \/>\n<span class=\"wpcf7-form-control-wrap\" data-name=\"menu-634\"><select class=\"wpcf7-form-control wpcf7-select\" aria-invalid=\"false\" name=\"menu-634\"><option value=\"Revisi\u00f3n\">Revisi\u00f3n<\/option><option value=\"Procedimiento\">Procedimiento<\/option><option value=\"Mantenimiento\">Mantenimiento<\/option><option value=\"Emergencia\">Emergencia<\/option><\/select><\/span><\/label>\n\t\t<\/p>\n\t\t<p><label> Cl\u00ednica<br \/>\n<span class=\"wpcf7-form-control-wrap\" data-name=\"menu-789\"><select class=\"wpcf7-form-control wpcf7-select\" aria-invalid=\"false\" name=\"menu-789\"><option value=\"San Pedro Sula\">San Pedro Sula<\/option><option value=\"Tegucigalpa\">Tegucigalpa<\/option><\/select><\/span><\/label>\n\t\t<\/p>\n\t<\/div>\n\t<div class=\"thirdColumn\">\n\t\t<p><label> Tu mensaje (opcional)<br \/>\n<span class=\"wpcf7-form-control-wrap\" data-name=\"your-message\"><textarea cols=\"10\" rows=\"6\" maxlength=\"2000\" class=\"wpcf7-form-control wpcf7-textarea\" aria-invalid=\"false\" name=\"your-message\"><\/textarea><\/span> <\/label>\n\t\t<\/p>\n\t\t<p><input class=\"wpcf7-form-control wpcf7-submit has-spinner\" type=\"submit\" value=\"Enviar\" \/>\n\t\t<\/p>\n\t<\/div>\n<\/div><div class=\"wpcf7-response-output\" aria-hidden=\"true\"><\/div>\n<\/form>\n<\/div>\n\n\n\n","protected":false},"excerpt":{"rendered":"","protected":false},"author":1,"featured_media":0,"parent":39,"menu_order":0,"comment_status":"closed","ping_status":"closed","template":"","meta":{"nf_dc_page":"","pagelayer_contact_templates":[],"_pagelayer_content":"","footnotes":""},"class_list":["post-248","page","type-page","status-publish","hentry"],"_links":{"self":[{"href":"https:\/\/cicdentalgrupo.com\/dental\/wp-json\/wp\/v2\/pages\/248","targetHints":{"allow":["GET"]}}],"collection":[{"href":"https:\/\/cicdentalgrupo.com\/dental\/wp-json\/wp\/v2\/pages"}],"about":[{"href":"https:\/\/cicdentalgrupo.com\/dental\/wp-json\/wp\/v2\/types\/page"}],"author":[{"embeddable":true,"href":"https:\/\/cicdentalgrupo.com\/dental\/wp-json\/wp\/v2\/users\/1"}],"replies":[{"embeddable":true,"href":"https:\/\/cicdentalgrupo.com\/dental\/wp-json\/wp\/v2\/comments?post=248"}],"version-history":[{"count":9,"href":"https:\/\/cicdentalgrupo.com\/dental\/wp-json\/wp\/v2\/pages\/248\/revisions"}],"predecessor-version":[{"id":290,"href":"https:\/\/cicdentalgrupo.com\/dental\/wp-json\/wp\/v2\/pages\/248\/revisions\/290"}],"up":[{"embeddable":true,"href":"https:\/\/cicdentalgrupo.com\/dental\/wp-json\/wp\/v2\/pages\/39"}],"wp:attachment":[{"href":"https:\/\/cicdentalgrupo.com\/dental\/wp-json\/wp\/v2\/media?parent=248"}],"curies":[{"name":"wp","href":"https:\/\/api.w.org\/{rel}","templated":true}]}}